     {"id":255,"date":"2018-10-04T05:14:07","date_gmt":"2018-10-04T03:14:07","guid":{"rendered":"https:\/\/stjeanbaptistetest.ddec.nc\/?page_id=255"},"modified":"2023-02-28T12:04:22","modified_gmt":"2023-02-28T01:04:22","slug":"presentation","status":"publish","type":"page","link":"https:\/\/ecolesjbaptiste.ddec.nc\/index.php\/presentation\/","title":{"rendered":"Pr\u00e9sentation"},"content":{"rendered":"\t\t<div data-elementor-type=\"wp-post\" data-elementor-id=\"255\" class=\"elementor elementor-255\" data-elementor-post-type=\"page\">\n\t\t\t\t\t\t<section class=\"elementor-section elementor-top-section elementor-element elementor-element-75fdc969 elementor-section-full_width elementor-section-height-default elementor-section-height-default\" data-id=\"75fdc969\" data-element_type=\"section\" data-e-type=\"section\" data-settings=\"{&quot;background_background&quot;:&quot;classic&quot;}\">\n\t\t\t\t\t\t<div class=\"elementor-container elementor-column-gap-default\">\n\t\t\t\t\t<div class=\"elementor-column elementor-col-100 elementor-top-column elementor-element elementor-element-1ccebfac\" data-id=\"1ccebfac\" data-element_type=\"column\" data-e-type=\"column\">\n\t\t\t<div class=\"elementor-widget-wrap elementor-element-populated\">\n\t\t\t\t\t\t<div class=\"elementor-element elementor-element-608d5c6b elementor-widget elementor-widget-heading\" data-id=\"608d5c6b\" data-element_type=\"widget\" data-e-type=\"widget\" data-widget_type=\"heading.default\">\n\t\t\t\t<div class=\"elementor-widget-container\">\n\t\t\t\t\t<h1 class=\"elementor-heading-title elementor-size-large\">Ecole SAint Jean Baptiste<\/h1>\t\t\t\t<\/div>\n\t\t\t\t<\/div>\n\t\t\t\t<div class=\"elementor-element elementor-element-1ea3fe3b elementor-widget elementor-widget-heading\" data-id=\"1ea3fe3b\" data-element_type=\"widget\" data-e-type=\"widget\" data-widget_type=\"heading.default\">\n\t\t\t\t<div class=\"elementor-widget-container\">\n\t\t\t\t\t<h2 class=\"elementor-heading-title elementor-size-large\">Noumea<\/h2>\t\t\t\t<\/div>\n\t\t\t\t<\/div>\n\t\t\t\t<div class=\"elementor-element elementor-element-23863acb elementor-widget-divider--view-line elementor-widget elementor-widget-divider\" data-id=\"23863acb\" data-element_type=\"widget\" data-e-type=\"widget\" data-widget_type=\"divider.default\">\n\t\t\t\t<div class=\"elementor-widget-container\">\n\t\t\t\t\t\t\t<div class=\"elementor-divider\">\n\t\t\t<span class=\"elementor-divider-separator\">\n\t\t\t\t\t\t<\/span>\n\t\t<\/div>\n\t\t\t\t\t\t<\/div>\n\t\t\t\t<\/div>\n\t\t\t\t\t<\/div>\n\t\t<\/div>\n\t\t\t\t\t<\/div>\n\t\t<\/section>\n\t\t\t\t<section class=\"elementor-section elementor-top-section elementor-element elementor-element-18e3afdf elementor-section-boxed elementor-section-height-default elementor-section-height-default\" data-id=\"18e3afdf\" data-element_type=\"section\" data-e-type=\"section\">\n\t\t\t\t\t\t<div class=\"elementor-container elementor-column-gap-no\">\n\t\t\t\t\t<div class=\"elementor-column elementor-col-50 elementor-top-column elementor-element elementor-element-257f8156\" data-id=\"257f8156\" data-element_type=\"column\" data-e-type=\"column\">\n\t\t\t<div class=\"elementor-widget-wrap elementor-element-populated\">\n\t\t\t\t\t\t<div class=\"elementor-element elementor-element-5a98db3f elementor-widget elementor-widget-heading\" data-id=\"5a98db3f\" data-element_type=\"widget\" data-e-type=\"widget\" data-widget_type=\"heading.default\">\n\t\t\t\t<div class=\"elementor-widget-container\">\n\t\t\t\t\t<h3 class=\"elementor-heading-title elementor-size-large\">Notre \u00e9cole<\/h3>\t\t\t\t<\/div>\n\t\t\t\t<\/div>\n\t\t\t\t<div class=\"elementor-element elementor-element-4f664ae elementor-widget elementor-widget-text-editor\" data-id=\"4f664ae\" data-element_type=\"widget\" data-e-type=\"widget\" data-widget_type=\"text-editor.default\">\n\t\t\t\t<div class=\"elementor-widget-container\">\n\t\t\t\t\t\t\t\t\t<div class=\"elementor-widget-container\"><div class=\"elementor-button-wrapper\">Cela fait maintenant plus de 50 ans que l&rsquo;\u00e9cole Saint Jean Baptiste s&rsquo;est implant\u00e9e au c\u0153ur de la Vall\u00e9e des Colons \u00e0 cot\u00e9 de l&rsquo;\u00e9glise du m\u00eame nom. Au fil des ans cette petite \u00e9cole de quartier s&rsquo;est d\u00e9velopp\u00e9e pour accueillir aujourd&rsquo;hui plus de 300 \u00e9l\u00e8ves de la petite section au CM2. Avec l&rsquo;augmentation des effectifs, il a \u00e9t\u00e9 n\u00e9cessaire de construire de nouveaux b\u00e2timents : cantine, salles de classe et plus r\u00e9cemment une salle polyvalente.<\/div><\/div><p>Le jumelage avec l&rsquo;\u00e9cole de Caningeraba en Australie dure depuis plus de 20 ans et permet aux \u00e9l\u00e8ves de CM2 de se rendre sur la Gold Coast tous les ans pour rencontrer leurs correspondants.<\/p><\/div><\/div><\/div><\/div><\/div><\/section><\/div> <a href=\"https:\/\/ecolesjbaptiste.ddec.nc\/index.php\/presentation\/#more-255\" class=\"more-link elementor-more-link\"><span aria-label=\"Poursuivre la lecture Pr\u00e9sentation\">(plus\u2026)<\/span><\/a>","protected":false},"excerpt":{"rendered":"<p>Ecole SAint Jean Baptiste Noumea Notre \u00e9cole Cela fait maintenant plus de 50 ans que l&rsquo;\u00e9cole Saint Jean Baptiste s&rsquo;est implant\u00e9e au c\u0153ur de la Vall\u00e9e des Colons \u00e0 cot\u00e9 de l&rsquo;\u00e9glise du m\u00eame nom. Au fil des ans cette petite \u00e9cole de quartier s&rsquo;est d\u00e9velopp\u00e9e pour accueillir aujourd&rsquo;hui plus de 300 \u00e9l\u00e8ves de la [&hellip;]<\/p>\n","protected":false},"author":1,"featured_media":0,"parent":0,"menu_order":0,"comment_status":"closed","ping_status":"closed","template":"elementor_header_footer","meta":{"footnotes":""},"class_list":["post-255","page","type-page","status-publish","hentry"],"yoast_head":"<!-- This site is optimized with the Yoast SEO plugin v26.4 - https:\/\/yoast.com\/wordpress\/plugins\/seo\/ -->\n<title>Pr\u00e9sentation - Ecole Saint Jean-Baptiste<\/title>\n<meta name=\"robots\" content=\"index, follow, max-snippet:-1, max-image-preview:large, max-video-preview:-1\" \/>\n<link rel=\"canonical\" href=\"https:\/\/ecolesjbaptiste.ddec.nc\/index.php\/presentation\/\" \/>\n<meta property=\"og:locale\" content=\"fr_FR\" \/>\n<meta property=\"og:type\" content=\"article\" \/>\n<meta property=\"og:title\" content=\"Pr\u00e9sentation - Ecole Saint Jean-Baptiste\" \/>\n<meta property=\"og:description\" content=\"Ecole SAint Jean Baptiste Noumea Notre \u00e9cole Cela fait maintenant plus de 50 ans que l&rsquo;\u00e9cole Saint Jean Baptiste s&rsquo;est implant\u00e9e au c\u0153ur de la Vall\u00e9e des Colons \u00e0 cot\u00e9 de l&rsquo;\u00e9glise du m\u00eame nom. Au fil des ans cette petite \u00e9cole de quartier s&rsquo;est d\u00e9velopp\u00e9e pour accueillir aujourd&rsquo;hui plus de 300 \u00e9l\u00e8ves de la [&hellip;]\" \/>\n<meta property=\"og:url\" content=\"https:\/\/ecolesjbaptiste.ddec.nc\/index.php\/presentation\/\" \/>\n<meta property=\"og:site_name\" content=\"Ecole Saint Jean-Baptiste\" \/>\n<meta property=\"article:modified_time\" content=\"2023-02-28T01:04:22+00:00\" \/>\n<meta property=\"og:image\" content=\"https:\/\/ecolesjbaptiste.ddec.nc\/wp-content\/uploads\/2020\/06\/Composition1_page-0001.jpg\" \/>\n<meta name=\"twitter:card\" content=\"summary_large_image\" \/>\n<meta name=\"twitter:label1\" content=\"Dur\u00e9e de lecture estim\u00e9e\" \/>\n\t<meta name=\"twitter:data1\" content=\"4 minutes\" \/>\n<script type=\"application\/ld+json\" class=\"yoast-schema-graph\">{\"@context\":\"https:\/\/schema.org\",\"@graph\":[{\"@type\":\"WebPage\",\"@id\":\"https:\/\/ecolesjbaptiste.ddec.nc\/index.php\/presentation\/\",\"url\":\"https:\/\/ecolesjbaptiste.ddec.nc\/index.php\/presentation\/\",\"name\":\"Pr\u00e9sentation - Ecole Saint Jean-Baptiste\",\"isPartOf\":{\"@id\":\"https:\/\/ecolesjbaptiste.ddec.nc\/#website\"},\"primaryImageOfPage\":{\"@id\":\"https:\/\/ecolesjbaptiste.ddec.nc\/index.php\/presentation\/#primaryimage\"},\"image\":{\"@id\":\"https:\/\/ecolesjbaptiste.ddec.nc\/index.php\/presentation\/#primaryimage\"},\"thumbnailUrl\":\"https:\/\/ecolesjbaptiste.ddec.nc\/wp-content\/uploads\/2020\/06\/Composition1_page-0001.jpg\",\"datePublished\":\"2018-10-04T03:14:07+00:00\",\"dateModified\":\"2023-02-28T01:04:22+00:00\",\"breadcrumb\":{\"@id\":\"https:\/\/ecolesjbaptiste.ddec.nc\/index.php\/presentation\/#breadcrumb\"},\"inLanguage\":\"fr-FR\",\"potentialAction\":[{\"@type\":\"ReadAction\",\"target\":[\"https:\/\/ecolesjbaptiste.ddec.nc\/index.php\/presentation\/\"]}]},{\"@type\":\"ImageObject\",\"inLanguage\":\"fr-FR\",\"@id\":\"https:\/\/ecolesjbaptiste.ddec.nc\/index.php\/presentation\/#primaryimage\",\"url\":\"https:\/\/ecolesjbaptiste.ddec.nc\/wp-content\/uploads\/2020\/06\/Composition1_page-0001.jpg\",\"contentUrl\":\"https:\/\/ecolesjbaptiste.ddec.nc\/wp-content\/uploads\/2020\/06\/Composition1_page-0001.jpg\",\"width\":1754,\"height\":1241},{\"@type\":\"BreadcrumbList\",\"@id\":\"https:\/\/ecolesjbaptiste.ddec.nc\/index.php\/presentation\/#breadcrumb\",\"itemListElement\":[{\"@type\":\"ListItem\",\"position\":1,\"name\":\"Accueil\",\"item\":\"https:\/\/ecolesjbaptiste.ddec.nc\/\"},{\"@type\":\"ListItem\",\"position\":2,\"name\":\"Pr\u00e9sentation\"}]},{\"@type\":\"WebSite\",\"@id\":\"https:\/\/ecolesjbaptiste.ddec.nc\/#website\",\"url\":\"https:\/\/ecolesjbaptiste.ddec.nc\/\",\"name\":\"Ecole Saint Jean-Baptiste\",\"description\":\"Un site utilisant WordPress\",\"potentialAction\":[{\"@type\":\"SearchAction\",\"target\":{\"@type\":\"EntryPoint\",\"urlTemplate\":\"https:\/\/ecolesjbaptiste.ddec.nc\/?s={search_term_string}\"},\"query-input\":{\"@type\":\"PropertyValueSpecification\",\"valueRequired\":true,\"valueName\":\"search_term_string\"}}],\"inLanguage\":\"fr-FR\"}]}<\/script>\n<!-- \/ Yoast SEO plugin. -->","yoast_head_json":{"title":"Pr\u00e9sentation - Ecole Saint Jean-Baptiste","robots":{"index":"index","follow":"follow","max-snippet":"max-snippet:-1","max-image-preview":"max-image-preview:large","max-video-preview":"max-video-preview:-1"},"canonical":"https:\/\/ecolesjbaptiste.ddec.nc\/index.php\/presentation\/","og_locale":"fr_FR","og_type":"article","og_title":"Pr\u00e9sentation - Ecole Saint Jean-Baptiste","og_description":"Ecole SAint Jean Baptiste Noumea Notre \u00e9cole Cela fait maintenant plus de 50 ans que l&rsquo;\u00e9cole Saint Jean Baptiste s&rsquo;est implant\u00e9e au c\u0153ur de la Vall\u00e9e des Colons \u00e0 cot\u00e9 de l&rsquo;\u00e9glise du m\u00eame nom. Au fil des ans cette petite \u00e9cole de quartier s&rsquo;est d\u00e9velopp\u00e9e pour accueillir aujourd&rsquo;hui plus de 300 \u00e9l\u00e8ves de la [&hellip;]","og_url":"https:\/\/ecolesjbaptiste.ddec.nc\/index.php\/presentation\/","og_site_name":"Ecole Saint Jean-Baptiste","article_modified_time":"2023-02-28T01:04:22+00:00","og_image":[{"url":"https:\/\/ecolesjbaptiste.ddec.nc\/wp-content\/uploads\/2020\/06\/Composition1_page-0001.jpg","type":"","width":"","height":""}],"twitter_card":"summary_large_image","twitter_misc":{"Dur\u00e9e de lecture estim\u00e9e":"4 minutes"},"schema":{"@context":"https:\/\/schema.org","@graph":[{"@type":"WebPage","@id":"https:\/\/ecolesjbaptiste.ddec.nc\/index.php\/presentation\/","url":"https:\/\/ecolesjbaptiste.ddec.nc\/index.php\/presentation\/","name":"Pr\u00e9sentation - Ecole Saint Jean-Baptiste","isPartOf":{"@id":"https:\/\/ecolesjbaptiste.ddec.nc\/#website"},"primaryImageOfPage":{"@id":"https:\/\/ecolesjbaptiste.ddec.nc\/index.php\/presentation\/#primaryimage"},"image":{"@id":"https:\/\/ecolesjbaptiste.ddec.nc\/index.php\/presentation\/#primaryimage"},"thumbnailUrl":"https:\/\/ecolesjbaptiste.ddec.nc\/wp-content\/uploads\/2020\/06\/Composition1_page-0001.jpg","datePublished":"2018-10-04T03:14:07+00:00","dateModified":"2023-02-28T01:04:22+00:00","breadcrumb":{"@id":"https:\/\/ecolesjbaptiste.ddec.nc\/index.php\/presentation\/#breadcrumb"},"inLanguage":"fr-FR","potentialAction":[{"@type":"ReadAction","target":["https:\/\/ecolesjbaptiste.ddec.nc\/index.php\/presentation\/"]}]},{"@type":"ImageObject","inLanguage":"fr-FR","@id":"https:\/\/ecolesjbaptiste.ddec.nc\/index.php\/presentation\/#primaryimage","url":"https:\/\/ecolesjbaptiste.ddec.nc\/wp-content\/uploads\/2020\/06\/Composition1_page-0001.jpg","contentUrl":"https:\/\/ecolesjbaptiste.ddec.nc\/wp-content\/uploads\/2020\/06\/Composition1_page-0001.jpg","width":1754,"height":1241},{"@type":"BreadcrumbList","@id":"https:\/\/ecolesjbaptiste.ddec.nc\/index.php\/presentation\/#breadcrumb","itemListElement":[{"@type":"ListItem","position":1,"name":"Accueil","item":"https:\/\/ecolesjbaptiste.ddec.nc\/"},{"@type":"ListItem","position":2,"name":"Pr\u00e9sentation"}]},{"@type":"WebSite","@id":"https:\/\/ecolesjbaptiste.ddec.nc\/#website","url":"https:\/\/ecolesjbaptiste.ddec.nc\/","name":"Ecole Saint Jean-Baptiste","description":"Un site utilisant WordPress","potentialAction":[{"@type":"SearchAction","target":{"@type":"EntryPoint","urlTemplate":"https:\/\/ecolesjbaptiste.ddec.nc\/?s={search_term_string}"},"query-input":{"@type":"PropertyValueSpecification","valueRequired":true,"valueName":"search_term_string"}}],"inLanguage":"fr-FR"}]}},"_links":{"self":[{"href":"https:\/\/ecolesjbaptiste.ddec.nc\/index.php\/wp-json\/wp\/v2\/pages\/255","targetHints":{"allow":["GET"]}}],"collection":[{"href":"https:\/\/ecolesjbaptiste.ddec.nc\/index.php\/wp-json\/wp\/v2\/pages"}],"about":[{"href":"https:\/\/ecolesjbaptiste.ddec.nc\/index.php\/wp-json\/wp\/v2\/types\/page"}],"author":[{"embeddable":true,"href":"https:\/\/ecolesjbaptiste.ddec.nc\/index.php\/wp-json\/wp\/v2\/users\/1"}],"replies":[{"embeddable":true,"href":"https:\/\/ecolesjbaptiste.ddec.nc\/index.php\/wp-json\/wp\/v2\/comments?post=255"}],"version-history":[{"count":83,"href":"https:\/\/ecolesjbaptiste.ddec.nc\/index.php\/wp-json\/wp\/v2\/pages\/255\/revisions"}],"predecessor-version":[{"id":1801,"href":"https:\/\/ecolesjbaptiste.ddec.nc\/index.php\/wp-json\/wp\/v2\/pages\/255\/revisions\/1801"}],"wp:attachment":[{"href":"https:\/\/ecolesjbaptiste.ddec.nc\/index.php\/wp-json\/wp\/v2\/media?parent=255"}],"curies":[{"name":"wp","href":"https:\/\/api.w.org\/{rel}","templated":true}]}}