     {"id":541,"date":"2019-05-27T01:42:05","date_gmt":"2019-05-26T23:42:05","guid":{"rendered":"https:\/\/stjeanbaptistetest.ddec.nc\/?page_id=541"},"modified":"2022-04-25T14:36:23","modified_gmt":"2022-04-25T03:36:23","slug":"le-menu-de-la-semaine","status":"publish","type":"page","link":"https:\/\/ecolesjbaptiste.ddec.nc\/index.php\/le-menu-de-la-semaine\/","title":{"rendered":"Le menu de la semaine"},"content":{"rendered":"\t\t<div data-elementor-type=\"wp-post\" data-elementor-id=\"541\" class=\"elementor elementor-541\" data-elementor-post-type=\"page\">\n\t\t\t\t\t\t<section class=\"elementor-section elementor-top-section elementor-element elementor-element-71c6b1e1 elementor-section-content-middle elementor-section-boxed elementor-section-height-default elementor-section-height-default\" data-id=\"71c6b1e1\" data-element_type=\"section\" data-e-type=\"section\">\n\t\t\t\t\t\t<div class=\"elementor-container elementor-column-gap-no\">\n\t\t\t\t\t<div class=\"elementor-column elementor-col-50 elementor-top-column elementor-element elementor-element-27d35296\" data-id=\"27d35296\" data-element_type=\"column\" data-e-type=\"column\">\n\t\t\t<div class=\"elementor-widget-wrap elementor-element-populated\">\n\t\t\t\t\t\t<div class=\"elementor-element elementor-element-f45e914 elementor-view-default elementor-position-block-start elementor-mobile-position-block-start elementor-widget elementor-widget-icon-box\" data-id=\"f45e914\" data-element_type=\"widget\" data-e-type=\"widget\" data-widget_type=\"icon-box.default\">\n\t\t\t\t<div class=\"elementor-widget-container\">\n\t\t\t\t\t\t\t<div class=\"elementor-icon-box-wrapper\">\n\n\t\t\t\t\t\t<div class=\"elementor-icon-box-icon\">\n\t\t\t\t<span  class=\"elementor-icon\">\n\t\t\t\t<i aria-hidden=\"true\" class=\"far fa-thumbs-up\"><\/i>\t\t\t\t<\/span>\n\t\t\t<\/div>\n\t\t\t\n\t\t\t\t\t\t<div class=\"elementor-icon-box-content\">\n\n\t\t\t\t\t\t\t\t\t<h3 class=\"elementor-icon-box-title\">\n\t\t\t\t\t\t<span  >\n\t\t\t\t\t\t\tLa restauration scolaire\t\t\t\t\t\t<\/span>\n\t\t\t\t\t<\/h3>\n\t\t\t\t\n\t\t\t\t\t\t\t\t\t<p class=\"elementor-icon-box-description\">\n\t\t\t\t\t\tLes repas sont pr\u00e9par\u00e9s par la restauration scolaire situ\u00e9e \u00e0 la Vall\u00e9e des Colons alimentant les \u00e9coles de la DDEC de Noum\u00e9a \u00e0 Yat\u00e9.\t\t\t\t\t<\/p>\n\t\t\t\t\n\t\t\t<\/div>\n\t\t\t\n\t\t<\/div>\n\t\t\t\t\t\t<\/div>\n\t\t\t\t<\/div>\n\t\t\t\t<div class=\"elementor-element elementor-element-922abc9 elementor-view-default elementor-position-block-start elementor-mobile-position-block-start elementor-widget elementor-widget-icon-box\" data-id=\"922abc9\" data-element_type=\"widget\" data-e-type=\"widget\" data-widget_type=\"icon-box.default\">\n\t\t\t\t<div class=\"elementor-widget-container\">\n\t\t\t\t\t\t\t<div class=\"elementor-icon-box-wrapper\">\n\n\t\t\t\t\t\t<div class=\"elementor-icon-box-icon\">\n\t\t\t\t<span  class=\"elementor-icon\">\n\t\t\t\t<i aria-hidden=\"true\" class=\"far fa-smile\"><\/i>\t\t\t\t<\/span>\n\t\t\t<\/div>\n\t\t\t\n\t\t\t\t\t\t<div class=\"elementor-icon-box-content\">\n\n\t\t\t\t\t\t\t\t\t<h3 class=\"elementor-icon-box-title\">\n\t\t\t\t\t\t<span  >\n\t\t\t\t\t\t\tUne sp\u00e9cificit\u00e9 DDEC\t\t\t\t\t\t<\/span>\n\t\t\t\t\t<\/h3>\n\t\t\t\t\n\t\t\t\t\t\t\t\t\t<p class=\"elementor-icon-box-description\">\n\t\t\t\t\t\tEn plus de son offre d'enseignement la DDEC poss\u00e8de ses propres unit\u00e9s de fabrication de repas pour les enfants scolaris\u00e9s dans ses \u00e9tablissements.\t\t\t\t\t<\/p>\n\t\t\t\t\n\t\t\t<\/div>\n\t\t\t\n\t\t<\/div>\n\t\t\t\t\t\t<\/div>\n\t\t\t\t<\/div>\n\t\t\t\t\t<\/div>\n\t\t<\/div>\n\t\t\t\t<div class=\"elementor-column elementor-col-50 elementor-top-column elementor-element elementor-element-4510e5a8\" data-id=\"4510e5a8\" data-element_type=\"column\" data-e-type=\"column\">\n\t\t\t<div class=\"elementor-widget-wrap elementor-element-populated\">\n\t\t\t\t\t\t<div class=\"elementor-element elementor-element-a68dcbe elementor-view-default elementor-position-block-start elementor-mobile-position-block-start elementor-widget elementor-widget-icon-box\" data-id=\"a68dcbe\" data-element_type=\"widget\" data-e-type=\"widget\" data-widget_type=\"icon-box.default\">\n\t\t\t\t<div class=\"elementor-widget-container\">\n\t\t\t\t\t\t\t<div class=\"elementor-icon-box-wrapper\">\n\n\t\t\t\t\t\t<div class=\"elementor-icon-box-icon\">\n\t\t\t\t<span  class=\"elementor-icon\">\n\t\t\t\t<i aria-hidden=\"true\" class=\"fas fa-map-pin\"><\/i>\t\t\t\t<\/span>\n\t\t\t<\/div>\n\t\t\t\n\t\t\t\t\t\t<div class=\"elementor-icon-box-content\">\n\n\t\t\t\t\t\t\t\t\t<h3 class=\"elementor-icon-box-title\">\n\t\t\t\t\t\t<span  >\n\t\t\t\t\t\t\tUne production locale\t\t\t\t\t\t<\/span>\n\t\t\t\t\t<\/h3>\n\t\t\t\t\n\t\t\t\t\t\t\t\t\t<p class=\"elementor-icon-box-description\">\n\t\t\t\t\t\tLa production locale est mise en avant dans le choix des produits cuisin\u00e9s par les \u00e9quipes.\t\t\t\t\t<\/p>\n\t\t\t\t\n\t\t\t<\/div>\n\t\t\t\n\t\t<\/div>\n\t\t\t\t\t\t<\/div>\n\t\t\t\t<\/div>\n\t\t\t\t<div class=\"elementor-element elementor-element-40b5ace elementor-view-default elementor-position-block-start elementor-mobile-position-block-start elementor-widget elementor-widget-icon-box\" data-id=\"40b5ace\" data-element_type=\"widget\" data-e-type=\"widget\" data-widget_type=\"icon-box.default\">\n\t\t\t\t<div class=\"elementor-widget-container\">\n\t\t\t\t\t\t\t<div class=\"elementor-icon-box-wrapper\">\n\n\t\t\t\t\t\t<div class=\"elementor-icon-box-icon\">\n\t\t\t\t<span  class=\"elementor-icon\">\n\t\t\t\t<i aria-hidden=\"true\" class=\"far fa-lemon\"><\/i>\t\t\t\t<\/span>\n\t\t\t<\/div>\n\t\t\t\n\t\t\t\t\t\t<div class=\"elementor-icon-box-content\">\n\n\t\t\t\t\t\t\t\t\t<h3 class=\"elementor-icon-box-title\">\n\t\t\t\t\t\t<span  >\n\t\t\t\t\t\t\tDes menus equilibr\u00e9s\t\t\t\t\t\t<\/span>\n\t\t\t\t\t<\/h3>\n\t\t\t\t\n\t\t\t\t\t\t\t\t\t<p class=\"elementor-icon-box-description\">\n\t\t\t\t\t\tLes menus hebdomadaires sont \u00e9labor\u00e9s avec une di\u00e9t\u00e9ticienne.\t\t\t\t\t<\/p>\n\t\t\t\t\n\t\t\t<\/div>\n\t\t\t\n\t\t<\/div>\n\t\t\t\t\t\t<\/div>\n\t\t\t\t<\/div>\n\t\t\t\t\t<\/div>\n\t\t<\/div>\n\t\t\t\t\t<\/div>\n\t\t<\/section>\n\t\t\t\t<\/div>\n\t\t","protected":false},"excerpt":{"rendered":"<p>La restauration scolaire Les repas sont pr\u00e9par\u00e9s par la restauration scolaire situ\u00e9e \u00e0 la Vall\u00e9e des Colons alimentant les \u00e9coles de la DDEC de Noum\u00e9a \u00e0 Yat\u00e9. Une sp\u00e9cificit\u00e9 DDEC En plus de son offre d&rsquo;enseignement la DDEC poss\u00e8de ses propres unit\u00e9s de fabrication de repas pour les enfants scolaris\u00e9s dans ses \u00e9tablissements. Une production [&hellip;]<\/p>\n","protected":false},"author":3,"featured_media":0,"parent":0,"menu_order":0,"comment_status":"closed","ping_status":"closed","template":"elementor_header_footer","meta":{"footnotes":""},"class_list":["post-541","page","type-page","status-publish","hentry"],"yoast_head":"<!-- This site is optimized with the Yoast SEO plugin v26.4 - https:\/\/yoast.com\/wordpress\/plugins\/seo\/ -->\n<title>Le menu de la semaine - Ecole Saint Jean-Baptiste<\/title>\n<meta name=\"robots\" content=\"index, follow, max-snippet:-1, max-image-preview:large, max-video-preview:-1\" \/>\n<link rel=\"canonical\" href=\"https:\/\/ecolesjbaptiste.ddec.nc\/index.php\/le-menu-de-la-semaine\/\" \/>\n<meta property=\"og:locale\" content=\"fr_FR\" \/>\n<meta property=\"og:type\" content=\"article\" \/>\n<meta property=\"og:title\" content=\"Le menu de la semaine - Ecole Saint Jean-Baptiste\" \/>\n<meta property=\"og:description\" content=\"La restauration scolaire Les repas sont pr\u00e9par\u00e9s par la restauration scolaire situ\u00e9e \u00e0 la Vall\u00e9e des Colons alimentant les \u00e9coles de la DDEC de Noum\u00e9a \u00e0 Yat\u00e9. Une sp\u00e9cificit\u00e9 DDEC En plus de son offre d&rsquo;enseignement la DDEC poss\u00e8de ses propres unit\u00e9s de fabrication de repas pour les enfants scolaris\u00e9s dans ses \u00e9tablissements. Une production [&hellip;]\" \/>\n<meta property=\"og:url\" content=\"https:\/\/ecolesjbaptiste.ddec.nc\/index.php\/le-menu-de-la-semaine\/\" \/>\n<meta property=\"og:site_name\" content=\"Ecole Saint Jean-Baptiste\" \/>\n<meta property=\"article:modified_time\" content=\"2022-04-25T03:36:23+00:00\" \/>\n<meta name=\"twitter:card\" content=\"summary_large_image\" \/>\n<meta name=\"twitter:label1\" content=\"Dur\u00e9e de lecture estim\u00e9e\" \/>\n\t<meta name=\"twitter:data1\" content=\"1 minute\" \/>\n<script type=\"application\/ld+json\" class=\"yoast-schema-graph\">{\"@context\":\"https:\/\/schema.org\",\"@graph\":[{\"@type\":\"WebPage\",\"@id\":\"https:\/\/ecolesjbaptiste.ddec.nc\/index.php\/le-menu-de-la-semaine\/\",\"url\":\"https:\/\/ecolesjbaptiste.ddec.nc\/index.php\/le-menu-de-la-semaine\/\",\"name\":\"Le menu de la semaine - Ecole Saint Jean-Baptiste\",\"isPartOf\":{\"@id\":\"https:\/\/ecolesjbaptiste.ddec.nc\/#website\"},\"datePublished\":\"2019-05-26T23:42:05+00:00\",\"dateModified\":\"2022-04-25T03:36:23+00:00\",\"breadcrumb\":{\"@id\":\"https:\/\/ecolesjbaptiste.ddec.nc\/index.php\/le-menu-de-la-semaine\/#breadcrumb\"},\"inLanguage\":\"fr-FR\",\"potentialAction\":[{\"@type\":\"ReadAction\",\"target\":[\"https:\/\/ecolesjbaptiste.ddec.nc\/index.php\/le-menu-de-la-semaine\/\"]}]},{\"@type\":\"BreadcrumbList\",\"@id\":\"https:\/\/ecolesjbaptiste.ddec.nc\/index.php\/le-menu-de-la-semaine\/#breadcrumb\",\"itemListElement\":[{\"@type\":\"ListItem\",\"position\":1,\"name\":\"Accueil\",\"item\":\"https:\/\/ecolesjbaptiste.ddec.nc\/\"},{\"@type\":\"ListItem\",\"position\":2,\"name\":\"Le menu de la semaine\"}]},{\"@type\":\"WebSite\",\"@id\":\"https:\/\/ecolesjbaptiste.ddec.nc\/#website\",\"url\":\"https:\/\/ecolesjbaptiste.ddec.nc\/\",\"name\":\"Ecole Saint Jean-Baptiste\",\"description\":\"Un site utilisant WordPress\",\"potentialAction\":[{\"@type\":\"SearchAction\",\"target\":{\"@type\":\"EntryPoint\",\"urlTemplate\":\"https:\/\/ecolesjbaptiste.ddec.nc\/?s={search_term_string}\"},\"query-input\":{\"@type\":\"PropertyValueSpecification\",\"valueRequired\":true,\"valueName\":\"search_term_string\"}}],\"inLanguage\":\"fr-FR\"}]}<\/script>\n<!-- \/ Yoast SEO plugin. -->","yoast_head_json":{"title":"Le menu de la semaine - Ecole Saint Jean-Baptiste","robots":{"index":"index","follow":"follow","max-snippet":"max-snippet:-1","max-image-preview":"max-image-preview:large","max-video-preview":"max-video-preview:-1"},"canonical":"https:\/\/ecolesjbaptiste.ddec.nc\/index.php\/le-menu-de-la-semaine\/","og_locale":"fr_FR","og_type":"article","og_title":"Le menu de la semaine - Ecole Saint Jean-Baptiste","og_description":"La restauration scolaire Les repas sont pr\u00e9par\u00e9s par la restauration scolaire situ\u00e9e \u00e0 la Vall\u00e9e des Colons alimentant les \u00e9coles de la DDEC de Noum\u00e9a \u00e0 Yat\u00e9. Une sp\u00e9cificit\u00e9 DDEC En plus de son offre d&rsquo;enseignement la DDEC poss\u00e8de ses propres unit\u00e9s de fabrication de repas pour les enfants scolaris\u00e9s dans ses \u00e9tablissements. Une production [&hellip;]","og_url":"https:\/\/ecolesjbaptiste.ddec.nc\/index.php\/le-menu-de-la-semaine\/","og_site_name":"Ecole Saint Jean-Baptiste","article_modified_time":"2022-04-25T03:36:23+00:00","twitter_card":"summary_large_image","twitter_misc":{"Dur\u00e9e de lecture estim\u00e9e":"1 minute"},"schema":{"@context":"https:\/\/schema.org","@graph":[{"@type":"WebPage","@id":"https:\/\/ecolesjbaptiste.ddec.nc\/index.php\/le-menu-de-la-semaine\/","url":"https:\/\/ecolesjbaptiste.ddec.nc\/index.php\/le-menu-de-la-semaine\/","name":"Le menu de la semaine - Ecole Saint Jean-Baptiste","isPartOf":{"@id":"https:\/\/ecolesjbaptiste.ddec.nc\/#website"},"datePublished":"2019-05-26T23:42:05+00:00","dateModified":"2022-04-25T03:36:23+00:00","breadcrumb":{"@id":"https:\/\/ecolesjbaptiste.ddec.nc\/index.php\/le-menu-de-la-semaine\/#breadcrumb"},"inLanguage":"fr-FR","potentialAction":[{"@type":"ReadAction","target":["https:\/\/ecolesjbaptiste.ddec.nc\/index.php\/le-menu-de-la-semaine\/"]}]},{"@type":"BreadcrumbList","@id":"https:\/\/ecolesjbaptiste.ddec.nc\/index.php\/le-menu-de-la-semaine\/#breadcrumb","itemListElement":[{"@type":"ListItem","position":1,"name":"Accueil","item":"https:\/\/ecolesjbaptiste.ddec.nc\/"},{"@type":"ListItem","position":2,"name":"Le menu de la semaine"}]},{"@type":"WebSite","@id":"https:\/\/ecolesjbaptiste.ddec.nc\/#website","url":"https:\/\/ecolesjbaptiste.ddec.nc\/","name":"Ecole Saint Jean-Baptiste","description":"Un site utilisant WordPress","potentialAction":[{"@type":"SearchAction","target":{"@type":"EntryPoint","urlTemplate":"https:\/\/ecolesjbaptiste.ddec.nc\/?s={search_term_string}"},"query-input":{"@type":"PropertyValueSpecification","valueRequired":true,"valueName":"search_term_string"}}],"inLanguage":"fr-FR"}]}},"_links":{"self":[{"href":"https:\/\/ecolesjbaptiste.ddec.nc\/index.php\/wp-json\/wp\/v2\/pages\/541","targetHints":{"allow":["GET"]}}],"collection":[{"href":"https:\/\/ecolesjbaptiste.ddec.nc\/index.php\/wp-json\/wp\/v2\/pages"}],"about":[{"href":"https:\/\/ecolesjbaptiste.ddec.nc\/index.php\/wp-json\/wp\/v2\/types\/page"}],"author":[{"embeddable":true,"href":"https:\/\/ecolesjbaptiste.ddec.nc\/index.php\/wp-json\/wp\/v2\/users\/3"}],"replies":[{"embeddable":true,"href":"https:\/\/ecolesjbaptiste.ddec.nc\/index.php\/wp-json\/wp\/v2\/comments?post=541"}],"version-history":[{"count":86,"href":"https:\/\/ecolesjbaptiste.ddec.nc\/index.php\/wp-json\/wp\/v2\/pages\/541\/revisions"}],"predecessor-version":[{"id":1741,"href":"https:\/\/ecolesjbaptiste.ddec.nc\/index.php\/wp-json\/wp\/v2\/pages\/541\/revisions\/1741"}],"wp:attachment":[{"href":"https:\/\/ecolesjbaptiste.ddec.nc\/index.php\/wp-json\/wp\/v2\/media?parent=541"}],"curies":[{"name":"wp","href":"https:\/\/api.w.org\/{rel}","templated":true}]}}